{"id":100,"date":"2020-06-03T15:32:03","date_gmt":"2020-06-03T15:32:03","guid":{"rendered":"http:\/\/ugly-duckling.de\/?page_id=100"},"modified":"2020-10-21T18:40:48","modified_gmt":"2020-10-21T18:40:48","slug":"the-history-of-ugly-duckling","status":"publish","type":"page","link":"https:\/\/ugly-duckling.de\/?page_id=100","title":{"rendered":"The History of Ugly Duckling"},"content":{"rendered":"\n<p class=\"has-drop-cap\">Ugly Duckling wurde 1992 von Marko Stahl, Alain Fougeras, Ebbe Buhl und Detlev Gei\u00dfl gegr\u00fcndet, nachdem sie zuvor in mehreren Bands zusammen gespielt hatten.<br>Nach verschiedenen Besetzungen an der Lead Gitarre kam Revin Shangula im Dezember 2001 hinzu. Anfang 2005 hat dann Revin Shangula die Band wieder verlassen.<br>Nach dem Tod von Marko im Juli 2001 hat Holger Thumm ab Januar 2002 den Part am Bass \u00fcbernommen.<br>Ab September 2002 verst\u00e4rkte Peter Luz am Keyboard die Band.<br><br>Von 2006 an spielte Didi K\u00e4chele die Lead Gitarre bis er die Band Ende 2009 verlie\u00df. &#8222;Dann waren sie nur noch f\u00fcnf !&#8220;.<br>Im Fr\u00fchjahr 2011 verlie\u00df Peter Luz die Band um sich musikalischen Aufgaben in der Kirchengemeinde und in der Projektband &#8222;Hour of Decission \/ Fresh&#8220; zu widmen.<br>Im Sommer fand dann auch der Umzug in einen neuen Proberaum statt.<br>Nach einigen Jahren ohne zweite Gitarre konnte 2016 mit Alain Fombonne wieder ein passender Gitarrist gefunden und integriert werden.<br><\/p>\n\n\n\n<div class=\"wp-block-buttons is-layout-flex wp-block-buttons-is-layout-flex\">\n<div class=\"wp-block-button\"><a class=\"wp-block-button__link\" href=\"https:\/\/ugly-duckling.de\/?page_id=12\">zur\u00fcck<\/a><\/div>\n<\/div>\n","protected":false},"excerpt":{"rendered":"<p>Ugly Duckling wurde 1992 von Marko Stahl, Alain Fougeras, Ebbe Buhl und Detlev Gei\u00dfl gegr\u00fcndet, nachdem sie zuvor in mehreren Bands zusammen gespielt hatten.Nach verschiedenen Besetzungen an der Lead Gitarre kam Revin Shangula im Dezember 2001 hinzu. Anfang 2005 hat dann Revin Shangula die Band wieder verlassen.Nach dem Tod von Marko im Juli 2001 hat &hellip; <\/p>\n<p class=\"link-more\"><a href=\"https:\/\/ugly-duckling.de\/?page_id=100\" class=\"more-link\"><span class=\"screen-reader-text\">\u201eThe History of Ugly Duckling\u201c<\/span> weiterlesen<\/a><\/p>\n","protected":false},"author":1,"featured_media":0,"parent":0,"menu_order":0,"comment_status":"closed","ping_status":"closed","template":"","meta":{"footnotes":""},"class_list":["post-100","page","type-page","status-publish","hentry"],"_links":{"self":[{"href":"https:\/\/ugly-duckling.de\/index.php?rest_route=\/wp\/v2\/pages\/100","targetHints":{"allow":["GET"]}}],"collection":[{"href":"https:\/\/ugly-duckling.de\/index.php?rest_route=\/wp\/v2\/pages"}],"about":[{"href":"https:\/\/ugly-duckling.de\/index.php?rest_route=\/wp\/v2\/types\/page"}],"author":[{"embeddable":true,"href":"https:\/\/ugly-duckling.de\/index.php?rest_route=\/wp\/v2\/users\/1"}],"replies":[{"embeddable":true,"href":"https:\/\/ugly-duckling.de\/index.php?rest_route=%2Fwp%2Fv2%2Fcomments&post=100"}],"version-history":[{"count":2,"href":"https:\/\/ugly-duckling.de\/index.php?rest_route=\/wp\/v2\/pages\/100\/revisions"}],"predecessor-version":[{"id":235,"href":"https:\/\/ugly-duckling.de\/index.php?rest_route=\/wp\/v2\/pages\/100\/revisions\/235"}],"wp:attachment":[{"href":"https:\/\/ugly-duckling.de\/index.php?rest_route=%2Fwp%2Fv2%2Fmedia&parent=100"}],"curies":[{"name":"wp","href":"https:\/\/api.w.org\/{rel}","templated":true}]}}