{"id":12,"date":"2020-06-03T08:45:17","date_gmt":"2020-06-03T08:45:17","guid":{"rendered":"http:\/\/ugly-duckling.de\/?page_id=12"},"modified":"2020-11-04T10:28:22","modified_gmt":"2020-11-04T10:28:22","slug":"die-band","status":"publish","type":"page","link":"https:\/\/ugly-duckling.de\/?page_id=12","title":{"rendered":"Die Band"},"content":{"rendered":"\n<h2 class=\"has-text-align-center wp-block-heading\">Die Band im \u00dcberblick<\/h2>\n\n\n\n<figure class=\"wp-block-image size-large\"><img loading=\"lazy\" decoding=\"async\" width=\"813\" height=\"519\" src=\"https:\/\/ugly-duckling.de\/wp-content\/uploads\/2020\/06\/181201-bandbild-uglyduckling.jpg\" alt=\"\" class=\"wp-image-51\" srcset=\"https:\/\/ugly-duckling.de\/wp-content\/uploads\/2020\/06\/181201-bandbild-uglyduckling.jpg 813w, https:\/\/ugly-duckling.de\/wp-content\/uploads\/2020\/06\/181201-bandbild-uglyduckling-300x192.jpg 300w, https:\/\/ugly-duckling.de\/wp-content\/uploads\/2020\/06\/181201-bandbild-uglyduckling-768x490.jpg 768w\" sizes=\"auto, (max-width: 767px) 89vw, (max-width: 1000px) 54vw, (max-width: 1071px) 543px, 580px\" \/><\/figure>\n\n\n\n<p class=\"has-drop-cap\"><strong>Ugly Duckling<\/strong>, das sind (von links nach rechts): <br><\/p>\n\n\n\n<figure class=\"wp-block-table alignwide is-style-regular\"><table><tbody><tr><td><a href=\"https:\/\/ugly-duckling.de\/?page_id=14\">Alain Fombonne<\/a><\/td><td>Guitar<\/td><td>unser Rookie<\/td><\/tr><tr><td><a href=\"https:\/\/ugly-duckling.de\/?page_id=13\">Alain Fougeras<\/a><\/td><td>Gesang, Guitar<\/td><td>schreibt auch die meisten unserer Songs<\/td><\/tr><tr><td><a href=\"https:\/\/ugly-duckling.de\/?page_id=16\">Ebbe Buhl<\/a><\/td><td>Percussions<\/td><td>f\u00fcr die Extra Portion Rhythmus<\/td><\/tr><tr><td><a href=\"https:\/\/ugly-duckling.de\/?page_id=15\">Detlev Gei\u00dfl<\/a><\/td><td>Drums<\/td><td>gibt den richtigen Beat<\/td><\/tr><tr><td><a href=\"https:\/\/ugly-duckling.de\/?page_id=17\">Holger Thumm<\/a><\/td><td>Bass, Back-Vocal<\/td><td>sorgt f\u00fcr den Bass<\/td><\/tr><\/tbody><\/table><\/figure>\n\n\n\n<p><\/p>\n","protected":false},"excerpt":{"rendered":"<p>Die Band im \u00dcberblick Ugly Duckling, das sind (von links nach rechts): Alain Fombonne Guitar unser Rookie Alain Fougeras Gesang, Guitar schreibt auch die meisten unserer Songs Ebbe Buhl Percussions f\u00fcr die Extra Portion Rhythmus Detlev Gei\u00dfl Drums gibt den richtigen Beat Holger Thumm Bass, Back-Vocal sorgt f\u00fcr den Bass<\/p>\n","protected":false},"author":1,"featured_media":0,"parent":0,"menu_order":0,"comment_status":"closed","ping_status":"closed","template":"","meta":{"footnotes":""},"class_list":["post-12","page","type-page","status-publish","hentry"],"_links":{"self":[{"href":"https:\/\/ugly-duckling.de\/index.php?rest_route=\/wp\/v2\/pages\/12","targetHints":{"allow":["GET"]}}],"collection":[{"href":"https:\/\/ugly-duckling.de\/index.php?rest_route=\/wp\/v2\/pages"}],"about":[{"href":"https:\/\/ugly-duckling.de\/index.php?rest_route=\/wp\/v2\/types\/page"}],"author":[{"embeddable":true,"href":"https:\/\/ugly-duckling.de\/index.php?rest_route=\/wp\/v2\/users\/1"}],"replies":[{"embeddable":true,"href":"https:\/\/ugly-duckling.de\/index.php?rest_route=%2Fwp%2Fv2%2Fcomments&post=12"}],"version-history":[{"count":13,"href":"https:\/\/ugly-duckling.de\/index.php?rest_route=\/wp\/v2\/pages\/12\/revisions"}],"predecessor-version":[{"id":320,"href":"https:\/\/ugly-duckling.de\/index.php?rest_route=\/wp\/v2\/pages\/12\/revisions\/320"}],"wp:attachment":[{"href":"https:\/\/ugly-duckling.de\/index.php?rest_route=%2Fwp%2Fv2%2Fmedia&parent=12"}],"curies":[{"name":"wp","href":"https:\/\/api.w.org\/{rel}","templated":true}]}}