{"id":265,"date":"2020-10-24T18:10:35","date_gmt":"2020-10-24T18:10:35","guid":{"rendered":"http:\/\/ugly-duckling.de\/?page_id=265"},"modified":"2026-04-26T18:36:43","modified_gmt":"2026-04-26T18:36:43","slug":"termine","status":"publish","type":"page","link":"https:\/\/ugly-duckling.de\/?page_id=265","title":{"rendered":"Termine"},"content":{"rendered":"\n<p class=\"has-drop-cap\">Unsere n\u00e4chsten Termine<\/p>\n\n\n\n<figure class=\"wp-block-table alignwide is-style-regular\"><table class=\"has-fixed-layout\"><thead><tr><th>Datum<\/th><th>Veranstaltung<\/th><th>Location<\/th><\/tr><\/thead><tbody><tr><td>10.05.2026<\/td><td><a href=\"http:\/\/kunst-unterwegs.de\/\" data-type=\"link\" data-id=\"http:\/\/kunst-unterwegs.de\/\" target=\"_blank\" rel=\"noreferrer noopener\">Kaleidoskop &#8211; Kunst unterwegs<\/a> und Oldtimer Treffen<\/td><td>Residenzschloss Ludwigsburg<\/td><\/tr><tr><td><\/td><td><\/td><td><\/td><\/tr><\/tbody><\/table><\/figure>\n\n\n\n<p class=\"has-drop-cap\">Unsere bisherigen Auftritte seit 2005<\/p>\n\n\n\n<figure class=\"wp-block-table is-style-regular\"><table class=\"has-fixed-layout\"><thead><tr><th>Datum<\/th><th class=\"has-text-align-left\" data-align=\"left\">Veranstaltung<\/th><th>Location<\/th><\/tr><\/thead><tbody><tr><td>25.04.2026<\/td><td class=\"has-text-align-left\" data-align=\"left\">Franz\u00f6sische Rockmusik mit Ugly Duckling<\/td><td><a href=\"http:\/\/timbales.de\/\" target=\"_blank\" rel=\"noreferrer noopener\">Timbales<\/a> Stgt.-Hofen<\/td><\/tr><tr><td>07.02.2026<\/td><td class=\"has-text-align-left\" data-align=\"left\">Ugly Duckling in Concert<\/td><td><a href=\"http:\/\/timbales.de\/\" target=\"_blank\" rel=\"noreferrer noopener\">Timbales<\/a> Stgt.-Hofen<\/td><\/tr><tr><td>06.02.2026<\/td><td class=\"has-text-align-left\" data-align=\"left\">Ugly Duckling bei der Open Stage mit Panama<\/td><td><a href=\"http:\/\/timbales.de\/\" target=\"_blank\" rel=\"noreferrer noopener\">Timbales<\/a> Stgt.-Hofen<\/td><\/tr><tr><td>22.07.2025<\/td><td class=\"has-text-align-left\" data-align=\"left\">Evangelische Bildungsakademie (Privatveranstaltung)<\/td><td>Bad Boll<\/td><\/tr><tr><td>11.05.2025<\/td><td class=\"has-text-align-left\" data-align=\"left\"><a href=\"http:\/\/kunst-unterwegs.de\/\" data-type=\"link\" data-id=\"http:\/\/kunst-unterwegs.de\/\" target=\"_blank\" rel=\"noreferrer noopener\">Kaleidoskop &#8211; Kunst unterwegs<\/a><\/td><td>Residenzschloss Ludwigsburg<\/td><\/tr><tr><td>07.12.2024<\/td><td class=\"has-text-align-left\" data-align=\"left\">Christmas Rock<\/td><td><a href=\"http:\/\/timbales.de\" data-type=\"link\" data-id=\"timbales.de\">T<\/a><a href=\"http:\/\/timbales.de\" data-type=\"link\" data-id=\"timbales.de\" target=\"_blank\" rel=\"noreferrer noopener\">i<\/a><a href=\"http:\/\/timbales.de\" data-type=\"link\" data-id=\"timbales.de\">mbales<\/a> Stgt.-Hofen<\/td><\/tr><tr><td>06.12.2024<\/td><td class=\"has-text-align-left\" data-align=\"left\">Live Music Session mit Panama<\/td><td><a href=\"http:\/\/timbales.de\" data-type=\"link\" data-id=\"timbales.de\">T<\/a><a href=\"http:\/\/timbales.de\" data-type=\"link\" data-id=\"timbales.de\" target=\"_blank\" rel=\"noreferrer noopener\">i<\/a><a href=\"http:\/\/timbales.de\" data-type=\"link\" data-id=\"timbales.de\">mbales<\/a> Stgt.-Hofen<\/td><\/tr><tr><td>21.09.2024<\/td><td class=\"has-text-align-left\" data-align=\"left\">Tribute Konzert: Club der 27er<\/td><td><a href=\"https:\/\/www.club-manufaktur.de\/event\/tribute-club-der-27er\/\" data-type=\"URL\" data-id=\"https:\/\/www.club-manufaktur.de\/\" target=\"_blank\" rel=\"noreferrer noopener\">Manufaktur Schorndorf<\/a><\/td><\/tr><tr><td>09.08.2024<\/td><td class=\"has-text-align-left\" data-align=\"left\">Just for Friends Open Air<\/td><td>Murrhardt<\/td><\/tr><tr><td>16.03.2024<\/td><td class=\"has-text-align-left\" data-align=\"left\">Franz\u00f6sische Rockmusik mit Ugly Duckling<\/td><td><a href=\"http:\/\/timbales.de\" data-type=\"link\" data-id=\"timbales.de\">T<\/a><a href=\"http:\/\/timbales.de\" data-type=\"link\" data-id=\"timbales.de\" target=\"_blank\" rel=\"noreferrer noopener\">i<\/a><a href=\"http:\/\/timbales.de\" data-type=\"link\" data-id=\"timbales.de\">mbales<\/a> Stgt.-Hofen<\/td><\/tr><tr><td>06.01.2024<\/td><td class=\"has-text-align-left\" data-align=\"left\">Ugly Duckling in Concert<\/td><td><a href=\"http:\/\/timbales.de\" data-type=\"link\" data-id=\"timbales.de\" target=\"_blank\" rel=\"noreferrer noopener\">Timbales<\/a> Stgt.-Hofen<\/td><\/tr><tr><td>01.12.2023<\/td><td class=\"has-text-align-left\" data-align=\"left\">Purple Haze Live Session<\/td><td><a href=\"http:\/\/timbales.de\" data-type=\"link\" data-id=\"timbales.de\" target=\"_blank\" rel=\"noreferrer noopener\">Timbales<\/a> Stgt.-Hofen<\/td><\/tr><tr><td>25.02.2023<\/td><td class=\"has-text-align-left\" data-align=\"left\">Tribute to Eric Clapton and Van Morrison <\/td><td><a rel=\"noreferrer noopener\" href=\"https:\/\/www.club-manufaktur.de\/\" data-type=\"URL\" data-id=\"https:\/\/www.club-manufaktur.de\/\" target=\"_blank\">Manufaktur Schorndorf<\/a><\/td><\/tr><tr><td>20.11.2021<\/td><td class=\"has-text-align-left\" data-align=\"left\">Ugly Duckling in Concert<\/td><td>Gemeindehaus Fellbach-Schmiden<\/td><\/tr><tr><td>17.10.2020<\/td><td class=\"has-text-align-left\" data-align=\"left\">Ugly Duckling and Friends<\/td><td>Kulturhaus Schwanen, Waiblingen<\/td><\/tr><tr><td>07.12.2019<\/td><td class=\"has-text-align-left\" data-align=\"left\">Woodstock Tribute<\/td><td>Manufaktur Schorndorf<\/td><\/tr><tr><td>08.12.2018<\/td><td class=\"has-text-align-left\" data-align=\"left\">Rolling Stones Tribute<\/td><td>Manufaktur Schorndorf<\/td><\/tr><tr><td>01.12.2018<\/td><td class=\"has-text-align-left\" data-align=\"left\">Ugly Duckling and Friends zum 30-j\u00e4hrigen B\u00fchnenjubil\u00e4um von Alain und Ebbe<\/td><td>Kulturhaus Schwanen, Waiblingen<\/td><\/tr><tr><td>16.12.2017<\/td><td class=\"has-text-align-left\" data-align=\"left\">THE BEATLES &#8211; Tribute zum 75. Geburtstag von Sir Paul McCartney<\/td><td>Manufaktur Schorndorf<\/td><\/tr><tr><td>07.10.2017<\/td><td class=\"has-text-align-left\" data-align=\"left\">Ugly Duckling and Friends<\/td><td>Kulturhaus Schwanen, Waiblingen<\/td><\/tr><tr><td>03.07.2016<\/td><td class=\"has-text-align-left\" data-align=\"left\">Jahresfest der Diakonie Stetten<\/td><td>Kernen-Stetten<\/td><\/tr><tr><td>14.11.2015<\/td><td class=\"has-text-align-left\" data-align=\"left\">Ugly Duckling and Friends<\/td><td>Kulturhaus Schwanen, Waiblingen<\/td><\/tr><tr><td>05.07.2015<\/td><td class=\"has-text-align-left\" data-align=\"left\">Jahresfest der Diakonie Stetten<\/td><td>Kernen-Stetten<\/td><\/tr><tr><td>17.01.2015<\/td><td class=\"has-text-align-left\" data-align=\"left\">Ugly Duckling and Friends<\/td><td>Kulturhaus Schwanen, Waiblingen<\/td><\/tr><tr><td>12.07.2014<\/td><td class=\"has-text-align-left\" data-align=\"left\">Just for Friends Open Air<\/td><td>Murrhardt<\/td><\/tr><tr><td>06.07.2014<\/td><td class=\"has-text-align-left\" data-align=\"left\">Jahresfest der Diakonie Stetten<\/td><td>Kernen-Stetten<\/td><\/tr><tr><td>04.04.2014<\/td><td class=\"has-text-align-left\" data-align=\"left\">Rock &amp; Poesie von und mit Ugly Duckling<\/td><td>Figurentheater Phoenix, Schorndorf<\/td><\/tr><tr><td>07.12.2013<\/td><td class=\"has-text-align-left\" data-align=\"left\">Ugly Duckling in Concert<\/td><td>Bobby&#8217;s Irishpub, Waiblingen<\/td><\/tr><tr><td>07.07.2013<\/td><td class=\"has-text-align-left\" data-align=\"left\">Jahresfest der Diakonie Stetten<\/td><td>Kernen-Stetten<\/td><\/tr><tr><td>12.01.2013<\/td><td class=\"has-text-align-left\" data-align=\"left\">Bobby&#8217;s Musicevents geinsam mit &#8222;Cassandra and the Boyz&#8220;<\/td><td>Kulturhaus Schwanen, Waiblingen<\/td><\/tr><tr><td>26.10.2012<\/td><td class=\"has-text-align-left\" data-align=\"left\">Ugly Duckling in Concert<\/td><td>A.L.S.O. Kulturcafe, Schw\u00e4bisch Gm\u00fcnd<\/td><\/tr><tr><td>13.10.2012<\/td><td class=\"has-text-align-left\" data-align=\"left\">Ugly Duckling in Concert<\/td><td>Bobby&#8217;s Irishpub, Waiblingen<\/td><\/tr><tr><td>15.09.2012<\/td><td class=\"has-text-align-left\" data-align=\"left\">Nacht der Keller &#8211; Jazzclub JAK<\/td><td>Weinstadt-Beutelsbach<\/td><\/tr><tr><td>20.07.2012<\/td><td class=\"has-text-align-left\" data-align=\"left\">Just for Friends Open Air<\/td><td>Murrhardt<\/td><\/tr><tr><td>10.03.2012<\/td><td class=\"has-text-align-left\" data-align=\"left\">Ugly Duckling in Concert<\/td><td>Bobby&#8217;s Irishpub, Waiblingen<\/td><\/tr><tr><td>03.07.2011<\/td><td class=\"has-text-align-left\" data-align=\"left\">Jahresfest der Diakonie Stetten<\/td><td>Kernen-Stetten<\/td><\/tr><tr><td>01.07.2011<\/td><td class=\"has-text-align-left\" data-align=\"left\">Just for Friends Open Air<\/td><td>Murrhardt<\/td><\/tr><tr><td>04.12.2010<\/td><td class=\"has-text-align-left\" data-align=\"left\">Ugly Duckling and Friends<\/td><td>Berufsbildungswerk Waiblingen<\/td><\/tr><tr><td>30.10.2010<\/td><td class=\"has-text-align-left\" data-align=\"left\">Ugly Duckling in Concert<\/td><td>Bobby&#8217;s Irishpub, Waiblingen<\/td><\/tr><tr><td>17.\/18.09.2010<\/td><td class=\"has-text-align-left\" data-align=\"left\">Nacht der Keller &#8211; Jazzclub JAK<\/td><td>Weinstadt-Beutelsbach<\/td><\/tr><tr><td>24\/25.07.2010<\/td><td class=\"has-text-align-left\" data-align=\"left\">Kulturmeile in den Weinbergen<\/td><td>Weinstadt<\/td><\/tr><tr><td>03.07.2010<\/td><td class=\"has-text-align-left\" data-align=\"left\">Jahresfest der Diakonie Stetten<\/td><td>Kernen-Stetten<\/td><\/tr><tr><td>25.06.2010<\/td><td class=\"has-text-align-left\" data-align=\"left\">Just for Friends Open Air<\/td><td>Murrhardt<\/td><\/tr><tr><td>31.10.2009<\/td><td class=\"has-text-align-left\" data-align=\"left\">Ugly Duckling in Concert<\/td><td>Bobby&#8217;s Irishpub, Waiblingen<\/td><\/tr><tr><td>18.\/19.09.2009<\/td><td class=\"has-text-align-left\" data-align=\"left\">Nacht der Keller &#8211; Jazzclub JAK<\/td><td>Weinstadt-Beutelsbach<\/td><\/tr><tr><td>05.07.2009<\/td><td class=\"has-text-align-left\" data-align=\"left\">Jahresfest der Diakonie Stetten<\/td><td>Kernen-Stetten<\/td><\/tr><tr><td>28.06.2009<\/td><td class=\"has-text-align-left\" data-align=\"left\">Altstadtfest Marktplatz<\/td><td>Waiblingen<\/td><\/tr><tr><td>25.04.2009<\/td><td class=\"has-text-align-left\" data-align=\"left\">Ugly Duckling in Concert<\/td><td>Bobby&#8217;s Irishpub, Waiblingen<\/td><\/tr><tr><td>14.02.2009<\/td><td class=\"has-text-align-left\" data-align=\"left\">Ugly Duckling in Concert<\/td><td>Berufsbildungswerk (BBW)-Freizeithaus, WN<\/td><\/tr><tr><td>19.09.2008<\/td><td class=\"has-text-align-left\" data-align=\"left\">Ugly Duckling in Concert<\/td><td>Jazzclub Armer Konrad, Weinstadt-Beutelsbach<\/td><\/tr><tr><td>05.04.2008<\/td><td class=\"has-text-align-left\" data-align=\"left\">Ugly Duckling in Concert<\/td><td>Bobby&#8217;s Irishpub, Waiblingen<\/td><\/tr><tr><td>15.03.2008<\/td><td class=\"has-text-align-left\" data-align=\"left\">Ugly Duckling in Concert<\/td><td>Berufsbildungswerk (BBW)-Freizeithaus, WN<\/td><\/tr><tr><td>01.07.2007<\/td><td class=\"has-text-align-left\" data-align=\"left\">Jahresfest der Diakonie Stetten<\/td><td>Kernen-Stetten<\/td><\/tr><tr><td>24.03.2007<\/td><td class=\"has-text-align-left\" data-align=\"left\">Ugly Duckling in Concert<\/td><td>Bobby&#8217;s Irishpub, Waiblingen<\/td><\/tr><tr><td>06.12.2006<\/td><td class=\"has-text-align-left\" data-align=\"left\">Nikolaus-Rock BBW<\/td><td>Berufsbildungswerk (BBW)-Freizeithaus, WN<\/td><\/tr><tr><td>09.11.2006<\/td><td class=\"has-text-align-left\" data-align=\"left\">Ugly Duckling in Concert<\/td><td>Berufsbildungswerk (BBW)-Freizeithaus, WN<\/td><\/tr><tr><td>02.07.2006<\/td><td class=\"has-text-align-left\" data-align=\"left\">Jahresfest der Diakonie Stetten<\/td><td>Kernen-Stetten<\/td><\/tr><tr><td>01.04.2006<\/td><td class=\"has-text-align-left\" data-align=\"left\">Ugly Duckling in Concert<\/td><td>Bobby&#8217;s Irishpub, Waiblingen<\/td><\/tr><tr><td>09.04.2005<\/td><td class=\"has-text-align-left\" data-align=\"left\">Ugly Duckling in Concert<\/td><td>Bobby&#8217;s Irishpub, Waiblingen<\/td><\/tr><tr><td>05.07.2005<\/td><td class=\"has-text-align-left\" data-align=\"left\">Glockeneinweihungswoche Stadtkirche Schorndorf<\/td><td>Schorndorf<\/td><\/tr><tr><td>03.07.2005<\/td><td class=\"has-text-align-left\" data-align=\"left\">Jahresfest der Diakonie Stetten<\/td><td>Kernen-Stetten<\/td><\/tr><tr><td>02.07.2005<\/td><td class=\"has-text-align-left\" data-align=\"left\">Ugly Duckling in Concert<\/td><td>Purple-Haze, Remseck-Aldingen<\/td><\/tr><\/tbody><\/table><\/figure>\n","protected":false},"excerpt":{"rendered":"<p>Unsere n\u00e4chsten Termine Datum Veranstaltung Location 10.05.2026 Kaleidoskop &#8211; Kunst unterwegs und Oldtimer Treffen Residenzschloss Ludwigsburg Unsere bisherigen Auftritte seit 2005 Datum Veranstaltung Location 25.04.2026 Franz\u00f6sische Rockmusik mit Ugly Duckling Timbales Stgt.-Hofen 07.02.2026 Ugly Duckling in Concert Timbales Stgt.-Hofen 06.02.2026 Ugly Duckling bei der Open Stage mit Panama Timbales Stgt.-Hofen 22.07.2025 Evangelische Bildungsakademie (Privatveranstaltung) Bad &hellip; <\/p>\n<p class=\"link-more\"><a href=\"https:\/\/ugly-duckling.de\/?page_id=265\" class=\"more-link\"><span class=\"screen-reader-text\">\u201eTermine\u201c<\/span> weiterlesen<\/a><\/p>\n","protected":false},"author":1,"featured_media":0,"parent":0,"menu_order":0,"comment_status":"closed","ping_status":"closed","template":"","meta":{"footnotes":""},"class_list":["post-265","page","type-page","status-publish","hentry"],"_links":{"self":[{"href":"https:\/\/ugly-duckling.de\/index.php?rest_route=\/wp\/v2\/pages\/265","targetHints":{"allow":["GET"]}}],"collection":[{"href":"https:\/\/ugly-duckling.de\/index.php?rest_route=\/wp\/v2\/pages"}],"about":[{"href":"https:\/\/ugly-duckling.de\/index.php?rest_route=\/wp\/v2\/types\/page"}],"author":[{"embeddable":true,"href":"https:\/\/ugly-duckling.de\/index.php?rest_route=\/wp\/v2\/users\/1"}],"replies":[{"embeddable":true,"href":"https:\/\/ugly-duckling.de\/index.php?rest_route=%2Fwp%2Fv2%2Fcomments&post=265"}],"version-history":[{"count":32,"href":"https:\/\/ugly-duckling.de\/index.php?rest_route=\/wp\/v2\/pages\/265\/revisions"}],"predecessor-version":[{"id":969,"href":"https:\/\/ugly-duckling.de\/index.php?rest_route=\/wp\/v2\/pages\/265\/revisions\/969"}],"wp:attachment":[{"href":"https:\/\/ugly-duckling.de\/index.php?rest_route=%2Fwp%2Fv2%2Fmedia&parent=265"}],"curies":[{"name":"wp","href":"https:\/\/api.w.org\/{rel}","templated":true}]}}