{"id":772,"date":"2024-12-22T20:27:54","date_gmt":"2024-12-22T20:27:54","guid":{"rendered":"https:\/\/ugly-duckling.de\/?page_id=772"},"modified":"2026-02-09T20:55:36","modified_gmt":"2026-02-09T20:55:36","slug":"herzlich-willkommen-auf-unserer-homepage","status":"publish","type":"page","link":"https:\/\/ugly-duckling.de\/","title":{"rendered":"Herzlich willkommen auf unserer Homepage!"},"content":{"rendered":"\n<p>Hallo liebe Fans des Rock!<\/p>\n\n\n\n<p>Herzlich willkommen auf der Internet Pr\u00e4senz von <strong>Ugly Duckling<\/strong>. Auf diesen Seiten findet ihr allerlei Informationen \u00fcber die Band, v.a. unsere aktuellen Konzerttermine.<\/p>\n\n\n\n<p>Einen ersten Eindruck \u00fcber die Band gibt Euch ein aktuelles Livevideo..<\/p>\n\n\n\n<figure class=\"wp-block-video\"><video height=\"478\" style=\"aspect-ratio: 848 \/ 478;\" width=\"848\" controls src=\"https:\/\/ugly-duckling.de\/wp-content\/uploads\/2026\/02\/VID-20260203-WA0000.mp4\"><\/video><\/figure>\n\n\n\n<p><\/p>\n\n\n\n<p><\/p>\n","protected":false},"excerpt":{"rendered":"<p>Hallo liebe Fans des Rock! Herzlich willkommen auf der Internet Pr\u00e4senz von Ugly Duckling. Auf diesen Seiten findet ihr allerlei Informationen \u00fcber die Band, v.a. unsere aktuellen Konzerttermine. Einen ersten Eindruck \u00fcber die Band gibt Euch ein aktuelles Livevideo..<\/p>\n","protected":false},"author":1,"featured_media":0,"parent":0,"menu_order":0,"comment_status":"closed","ping_status":"closed","template":"","meta":{"footnotes":""},"class_list":["post-772","page","type-page","status-publish","hentry"],"_links":{"self":[{"href":"https:\/\/ugly-duckling.de\/index.php?rest_route=\/wp\/v2\/pages\/772","targetHints":{"allow":["GET"]}}],"collection":[{"href":"https:\/\/ugly-duckling.de\/index.php?rest_route=\/wp\/v2\/pages"}],"about":[{"href":"https:\/\/ugly-duckling.de\/index.php?rest_route=\/wp\/v2\/types\/page"}],"author":[{"embeddable":true,"href":"https:\/\/ugly-duckling.de\/index.php?rest_route=\/wp\/v2\/users\/1"}],"replies":[{"embeddable":true,"href":"https:\/\/ugly-duckling.de\/index.php?rest_route=%2Fwp%2Fv2%2Fcomments&post=772"}],"version-history":[{"count":8,"href":"https:\/\/ugly-duckling.de\/index.php?rest_route=\/wp\/v2\/pages\/772\/revisions"}],"predecessor-version":[{"id":941,"href":"https:\/\/ugly-duckling.de\/index.php?rest_route=\/wp\/v2\/pages\/772\/revisions\/941"}],"wp:attachment":[{"href":"https:\/\/ugly-duckling.de\/index.php?rest_route=%2Fwp%2Fv2%2Fmedia&parent=772"}],"curies":[{"name":"wp","href":"https:\/\/api.w.org\/{rel}","templated":true}]}}